{"id":33,"date":"2024-01-31T23:59:24","date_gmt":"2024-01-31T22:59:24","guid":{"rendered":"https:\/\/mimex-auto-export.com\/?page_id=33"},"modified":"2024-02-19T09:02:45","modified_gmt":"2024-02-19T08:02:45","slug":"a-propos","status":"publish","type":"page","link":"https:\/\/mimex-auto-export.com\/index.php\/a-propos\/","title":{"rendered":"A Propos"},"content":{"rendered":"\n<p>Mimex Auto est sp\u00e9cialis\u00e9 dans l\u2019import \/ export de v\u00e9hicules entre la France et l\u2019Afrique du nord (Alg\u00e9rie, Maroc, Tunisie) depuis plus de 30 ans. Plus occasionnellement, nous exportons des v\u00e9hicules vers d\u2019autres destinations ( C\u00f4te d\u2019Ivoire, Burkina Faso, Mali, S\u00e9n\u00e9gal\u2026).<\/p>\n\n\n\n<p>Faites votre choix parmi nos multiples v\u00e9hicules disponibles en stocks pr\u00eats \u00e0 \u00eatre export\u00e9s. Nous vous proposons une prestation compl\u00e8te gr\u00e2ce \u00e0 nos partenariats avec des transitaires en douane. Le fait de passer par un transitaire en douane agr\u00e9\u00e9 par nos services nous permet d\u2019\u00eatre en conformit\u00e9 avec la l\u00e9gislation fran\u00e7aise et de nous assurer du bon export du v\u00e9hicule.<\/p>\n","protected":false},"excerpt":{"rendered":"<p>Mimex Auto est sp\u00e9cialis\u00e9 dans l\u2019import \/ export de v\u00e9hicules entre la France et l\u2019Afrique du nord (Alg\u00e9rie, Maroc, Tunisie) depuis plus de 30 ans. Plus occasionnellement, nous exportons des v\u00e9hicules vers d\u2019autres destinations ( C\u00f4te d\u2019Ivoire, Burkina Faso, Mali, S\u00e9n\u00e9gal\u2026). Faites votre choix parmi nos multiples v\u00e9hicules disponibles en stocks pr\u00eats \u00e0 \u00eatre export\u00e9s. [&hellip;]<\/p>\n","protected":false},"author":1,"featured_media":0,"parent":0,"menu_order":0,"comment_status":"closed","ping_status":"closed","template":"","meta":{"om_disable_all_campaigns":false,"_monsterinsights_skip_tracking":false,"_monsterinsights_sitenote_active":false,"_monsterinsights_sitenote_note":"","_monsterinsights_sitenote_category":0,"footnotes":""},"class_list":["post-33","page","type-page","status-publish","hentry","entry"],"aioseo_notices":[],"_links":{"self":[{"href":"https:\/\/mimex-auto-export.com\/index.php\/wp-json\/wp\/v2\/pages\/33","targetHints":{"allow":["GET"]}}],"collection":[{"href":"https:\/\/mimex-auto-export.com\/index.php\/wp-json\/wp\/v2\/pages"}],"about":[{"href":"https:\/\/mimex-auto-export.com\/index.php\/wp-json\/wp\/v2\/types\/page"}],"author":[{"embeddable":true,"href":"https:\/\/mimex-auto-export.com\/index.php\/wp-json\/wp\/v2\/users\/1"}],"replies":[{"embeddable":true,"href":"https:\/\/mimex-auto-export.com\/index.php\/wp-json\/wp\/v2\/comments?post=33"}],"version-history":[{"count":3,"href":"https:\/\/mimex-auto-export.com\/index.php\/wp-json\/wp\/v2\/pages\/33\/revisions"}],"predecessor-version":[{"id":1598,"href":"https:\/\/mimex-auto-export.com\/index.php\/wp-json\/wp\/v2\/pages\/33\/revisions\/1598"}],"wp:attachment":[{"href":"https:\/\/mimex-auto-export.com\/index.php\/wp-json\/wp\/v2\/media?parent=33"}],"curies":[{"name":"wp","href":"https:\/\/api.w.org\/{rel}","templated":true}]}}