{"id":32,"date":"2024-01-31T23:59:24","date_gmt":"2024-01-31T22:59:24","guid":{"rendered":"https:\/\/mimex-auto-export.com\/?page_id=32"},"modified":"2025-04-08T20:59:41","modified_gmt":"2025-04-08T18:59:41","slug":"demarches","status":"publish","type":"page","link":"https:\/\/mimex-auto-export.com\/index.php\/demarches\/","title":{"rendered":"D\u00e9marches"},"content":{"rendered":"\n<p class=\"has-large-font-size\"><strong>Quelques notions pour exporter un v\u00e9hicule neuf en Alg\u00e9rie avec un CCR.<\/strong><\/p>\n\n\n\n<p class=\"has-medium-font-size\"><strong>Qui peut b\u00e9n\u00e9ficier d&#8217;un CCR?<\/strong><\/p>\n\n\n\n<p>Pour obtenir un certificat de changement de r\u00e9sidence (CCR), il faut \u00eatre \u00e2g\u00e9 de plus de 19 ans, ne jamais avoir b\u00e9n\u00e9ficier d&#8217;un CCR, \u00eatre enregistr\u00e9 et immatricul\u00e9 dans un consulat et justifier un s\u00e9jour de plus de trois ans \u00e0 partir de la date de d\u00e9p\u00f4t du dossier au consulat.<\/p>\n\n\n\n<p><\/p>\n\n\n\n<p class=\"has-medium-font-size\"><strong>Quel(s) v\u00e9hicule(s) peut-on exporter avec un CCR?<\/strong><\/p>\n\n\n\n<p>En ce qui concerne un v\u00e9hicule utilitaire, le poids en charge total doit-\u00eatre \u00e9gal ou inf\u00e9rieur \u00e0 5 tonnes 950kg et le prix de la voiture ne doit pas d\u00e9passer 66 000 \u20ac hors taxes. Les v\u00e9hicules di\u00e9sel et essence sont autoris\u00e9s. Et pour la cylindr\u00e9e d\u2019un v\u00e9hicule de tourisme, elle doit-\u00eatre \u00e9gale ou inf\u00e9rieure \u00e0 2000 cm3 pour un v\u00e9hicule essence et 2500 cm3 pour un v\u00e9hicule diesel.<\/p>\n\n\n\n<p><\/p>\n\n\n\n<p class=\"has-medium-font-size\"><strong>Quels documents pour demander un CCR?<\/strong><\/p>\n\n\n\n<p>Pour faire la demande d&#8217;un CCR au consulat, il vous faut comme document: une carte d\u2019immatriculation consulaire, Un passeport en cours de validit\u00e9 (alg\u00e9rien), une carte d\u2019identit\u00e9 fran\u00e7aise ou titre de s\u00e9jour, un justificatif de domicile (quittance de loyer, facture), un justificatif de rentr\u00e9 d&#8217;argent sur 36 mois ( Fiche de paye, retraite, ch\u00f4mage), le certificat d\u2019immatriculation du v\u00e9hicule (carte grise),la facture du v\u00e9hicule, et la demande de certificat d\u2019immatriculation v\u00e9hicule neuf.<\/p>\n\n\n\n<p class=\"has-medium-font-size\"><\/p>\n\n\n\n<p class=\"has-medium-font-size\"><strong>Quelle taxe doit-on payer avec un CCR? Et comment se passe le d\u00e9douanement en Alg\u00e9rie?<\/strong><\/p>\n\n\n\n<p>Les Alg\u00e9riens importateurs doivent s\u2019acquitter des droits de douane qui repr\u00e9sentent 6 % du prix du v\u00e9hicule ( 4% au consulat et 2% \u00e0 la douane alg\u00e9rienne). Une fois arriver \u00e0 la douane, le propri\u00e9taire doit remettre l&#8217;ensemble des documents originaux pour d\u00e9bloquer le v\u00e9hicule.<\/p>\n\n\n\n<p><\/p>\n\n\n\n<p class=\"has-large-font-size\"><\/p>\n\n\n\n<p class=\"has-large-font-size\"><strong>Exporter un v\u00e9hicule avec une licence Moudjahidine<\/strong><\/p>\n\n\n\n<p class=\"has-medium-font-size\"><strong>Qui peut b\u00e9n\u00e9ficier d&#8217;une licence Moudjahidine?<\/strong><\/p>\n\n\n\n<p>Les invalides de la guerre de lib\u00e9ration nationale, les enfants de chouada atteints d&#8217;une maladie incurable, les handicap\u00e9s moteurs, les handicap\u00e9s civils r\u00e9sidents et les nationaux r\u00e9sidents peuvent obtenir une licence Moudjahidine.<\/p>\n\n\n\n<p><\/p>\n\n\n\n<p class=\"has-medium-font-size\"><strong>Quels documents doit-on pr\u00e9senter lors de l&#8217;achat d&#8217;un v\u00e9hicule?<\/strong><\/p>\n\n\n\n<p>L&#8217;acheteur doit fournir quelques pi\u00e8ces justificatives, notamment une copie de la licence Moudjahidine, doit \u00e9galement se munir d\u2019une copie d\u2019un passeport de nationalit\u00e9 alg\u00e9rienne et son adresse doit \u00eatre mentionn\u00e9e.<\/p>\n\n\n\n<p class=\"has-medium-font-size\"><\/p>\n\n\n\n<p class=\"has-medium-font-size\"><strong>Quelle taxe doit-on payer avec une licence Moudjahidine?<\/strong><\/p>\n\n\n\n<p>Acheter une voiture gr\u00e2ce \u00e0 cette licence permet \u00e0 l\u2019acheteur d\u2019\u00eatre exempt de taxes et de divers droits de douane. Il devra n\u00e9anmoins payer 2% de la somme totale du v\u00e9hicule.<\/p>\n\n\n\n<p><\/p>\n\n\n\n<p><\/p>\n\n\n\n<p class=\"has-large-font-size\"><strong>Comment se passe la livraison?<\/strong><\/p>\n\n\n\n<p class=\"has-medium-font-size\"><strong>A quels ports livrons-nous?<\/strong><\/p>\n\n\n\n<p>Nous proposons un service d\u2019exp\u00e9dition vers les ports d&#8217;Alger, Skikda, Mostaganem et Jijel.<\/p>\n\n\n\n<p><\/p>\n\n\n\n<p class=\"has-medium-font-size\"><strong>Combien co\u00fbte le prix d&#8217;une livraison ?<\/strong><\/p>\n\n\n\n<p>Le prix varie entre 950 et 1250\u20ac selon le port et la localisation du v\u00e9hicule ( Paris ou Marseille).<\/p>\n\n\n\n<p><\/p>\n\n\n\n<p class=\"has-medium-font-size\"><strong>Combien de temps dure une livraison?<\/strong><\/p>\n\n\n\n<p>La dur\u00e9e d&#8217;une livraison est estim\u00e9e entre 7 et 10 jours selon la disponibilit\u00e9 du v\u00e9hicule.<\/p>\n","protected":false},"excerpt":{"rendered":"<p>Quelques notions pour exporter un v\u00e9hicule neuf en Alg\u00e9rie avec un CCR. Qui peut b\u00e9n\u00e9ficier d&#8217;un CCR? Pour obtenir un certificat de changement de r\u00e9sidence (CCR), il faut \u00eatre \u00e2g\u00e9 de plus de 19 ans, ne jamais avoir b\u00e9n\u00e9ficier d&#8217;un CCR, \u00eatre enregistr\u00e9 et immatricul\u00e9 dans un consulat et justifier un s\u00e9jour de plus de [&hellip;]<\/p>\n","protected":false},"author":1,"featured_media":0,"parent":0,"menu_order":0,"comment_status":"closed","ping_status":"closed","template":"","meta":{"om_disable_all_campaigns":false,"_monsterinsights_skip_tracking":false,"_monsterinsights_sitenote_active":false,"_monsterinsights_sitenote_note":"","_monsterinsights_sitenote_category":0,"footnotes":""},"class_list":["post-32","page","type-page","status-publish","hentry","entry"],"aioseo_notices":[],"_links":{"self":[{"href":"https:\/\/mimex-auto-export.com\/index.php\/wp-json\/wp\/v2\/pages\/32","targetHints":{"allow":["GET"]}}],"collection":[{"href":"https:\/\/mimex-auto-export.com\/index.php\/wp-json\/wp\/v2\/pages"}],"about":[{"href":"https:\/\/mimex-auto-export.com\/index.php\/wp-json\/wp\/v2\/types\/page"}],"author":[{"embeddable":true,"href":"https:\/\/mimex-auto-export.com\/index.php\/wp-json\/wp\/v2\/users\/1"}],"replies":[{"embeddable":true,"href":"https:\/\/mimex-auto-export.com\/index.php\/wp-json\/wp\/v2\/comments?post=32"}],"version-history":[{"count":6,"href":"https:\/\/mimex-auto-export.com\/index.php\/wp-json\/wp\/v2\/pages\/32\/revisions"}],"predecessor-version":[{"id":2866,"href":"https:\/\/mimex-auto-export.com\/index.php\/wp-json\/wp\/v2\/pages\/32\/revisions\/2866"}],"wp:attachment":[{"href":"https:\/\/mimex-auto-export.com\/index.php\/wp-json\/wp\/v2\/media?parent=32"}],"curies":[{"name":"wp","href":"https:\/\/api.w.org\/{rel}","templated":true}]}}